{"id":5661335,"date":"2020-12-27T08:40:10","date_gmt":"2020-12-27T08:40:10","guid":{"rendered":"http:\/\/www.donegidio.it\/?page_id=5661335"},"modified":"2023-07-23T06:39:06","modified_gmt":"2023-07-23T06:39:06","slug":"pubblicazioni","status":"publish","type":"page","link":"https:\/\/www.donegidio.it\/index.php\/pubblicazioni\/","title":{"rendered":"Pubblicazioni"},"content":{"rendered":"<section class=\"wpb-content-wrapper\">[vc_row][vc_column width=&#8221;2\/3&#8243;][vc_empty_space height=&#8221;60px&#8221;]<div class=\"norebro-heading-sc heading text-left\"\n\tid=\"norebro-custom-6a04dedca1472\" \n\t \n\t>\n\t\n\t\n\t\n\t<h3 class=\"title\">\n\t\tPUBBLICAZIONI DI DON EGIDIO\u2015<br\/>\t<\/h3>\n\n\t\n\t\t\t<p class=\"subtitle\">\n\t\t\t\t\t<\/p>\n\t\t\n<\/div>[vc_empty_space height=&#8221;30px&#8221;]<div class=\"norebro-accordion-s\u0441 accordion-box  outline\" \n\tid=\"norebro-custom-6a04dedca155d\"\n\tdata-norebro-accordion=\"0\"\n\t \n\t>\n\n\t<div id=\"1609066744593-58d654e5-3f21\" class=\"item\">\n\t\n\t<div class=\"title\">\n\t\t\t\t\t<span class=\"icon linea-basic-spread-text\"><\/span>\n\t\t\t\t<h4>Appunti di Viaggio - 1993<\/h4>\n\t\t<div class=\"control\">\n\t\t\t<span class=\"ion-plus\"><\/span>\n\t\t<\/div>\n\t<\/div>\n\n\t<div class=\"content\">\n\t\t<div class=\"wrap\">\n\t\t\t<p><img loading=\"lazy\" decoding=\"async\" class=\"alignleft wp-image-5661369\" src=\"http:\/\/www.donegidio.it\/wp-content\/uploads\/sites\/3\/2020\/12\/Appunti-di-viaggio_2.jpg\" alt=\"\" width=\"289\" height=\"400\" srcset=\"https:\/\/www.donegidio.it\/wp-content\/uploads\/sites\/3\/2020\/12\/Appunti-di-viaggio_2.jpg 433w, https:\/\/www.donegidio.it\/wp-content\/uploads\/sites\/3\/2020\/12\/Appunti-di-viaggio_2-217x300.jpg 217w\" sizes=\"auto, (max-width: 289px) 100vw, 289px\" \/>Fotografie di Egidio Todeschini. Con testi di Dalmazio Ambrosioni, Egidio Todeschini, Sandro Vavassori. Ferrari Editrice, Clusone (Bergamo), nel formato 25 x 33, con sovracoperta e custodia cofanetto. Pagine 176, Frs. 50. Il ricavato \u00e9 destinato in beneficenza.<\/p>\n<p><strong>ESAURITO<\/strong><\/p>\n<p>&nbsp;<\/p>\n<p>&nbsp;<\/p>\n<p>&nbsp;<\/p>\n<p>&nbsp;<\/p>\n<p>&nbsp;<\/p>\n\t\t<\/div>\n\t<\/div>\n\n<\/div><div id=\"1609061565186-35ca4951-434d\" class=\"item\">\n\t\n\t<div class=\"title\">\n\t\t\t\t\t<span class=\"icon linea-basic-spread-text\"><\/span>\n\t\t\t\t<h4>Bambini - 1996<\/h4>\n\t\t<div class=\"control\">\n\t\t\t<span class=\"ion-plus\"><\/span>\n\t\t<\/div>\n\t<\/div>\n\n\t<div class=\"content\">\n\t\t<div class=\"wrap\">\n\t\t\t<p><img loading=\"lazy\" decoding=\"async\" class=\"alignleft wp-image-5661380\" src=\"http:\/\/www.donegidio.it\/wp-content\/uploads\/sites\/3\/2020\/12\/bambini-2.jpg\" alt=\"\" width=\"291\" height=\"400\" srcset=\"https:\/\/www.donegidio.it\/wp-content\/uploads\/sites\/3\/2020\/12\/bambini-2.jpg 582w, https:\/\/www.donegidio.it\/wp-content\/uploads\/sites\/3\/2020\/12\/bambini-2-218x300.jpg 218w\" sizes=\"auto, (max-width: 291px) 100vw, 291px\" \/>Fotografie di Egidio Todeschini. Prefazione di Antonio Guidi, con testi di Dalmazio Ambrosioni, Susanna Pesenti, Sandro Vavassori. Ferrari Editrice, Clusone (BG), nel formato 25&#215;33, con sovracoperta e custodia cofanetto. Pagine 176, Frs. 50. Il ricavato \u00e9 destinato in beneficenza.<\/p>\n<p><strong>ESAURITO<\/strong><\/p>\n\t\t<\/div>\n\t<\/div>\n\n<\/div><div id=\"1609061533353-88f8413b-eb1a\" class=\"item\">\n\t\n\t<div class=\"title\">\n\t\t\t\t\t<span class=\"icon linea-basic-spread-text\"><\/span>\n\t\t\t\t<h4>La donna nel mondo - 2002<\/h4>\n\t\t<div class=\"control\">\n\t\t\t<span class=\"ion-plus\"><\/span>\n\t\t<\/div>\n\t<\/div>\n\n\t<div class=\"content\">\n\t\t<div class=\"wrap\">\n\t\t\t<p><img loading=\"lazy\" decoding=\"async\" class=\"wp-image-5661383 alignleft\" src=\"http:\/\/www.donegidio.it\/wp-content\/uploads\/sites\/3\/2020\/12\/ladonnanelmondo_2.jpg\" alt=\"\" width=\"285\" height=\"400\" srcset=\"https:\/\/www.donegidio.it\/wp-content\/uploads\/sites\/3\/2020\/12\/ladonnanelmondo_2.jpg 569w, https:\/\/www.donegidio.it\/wp-content\/uploads\/sites\/3\/2020\/12\/ladonnanelmondo_2-213x300.jpg 213w\" sizes=\"auto, (max-width: 285px) 100vw, 285px\" \/>Volume di 192 pagine, con 245 foto a colori nel formato cm 24 x 31 con custodia cofanetto. Testi in quattro lingue:<br \/>\nitaliano, tedesco, inglese, francese.<br \/>\nPresentazione di Dacia Maraini.<\/p>\n<p>Dedico questo libro a tutte le donne che ho incontrato nel lungo viaggio della vita e nei miei meravigliosi viaggi intorno al mondo. Dico grazie alla donna che amo. Non ha importanza il suo nome: mi ha accolto con braccia amorose quando ho visto la luce, mi ha accompagnato da allora ad oggi, mi ha dato il riso e il pianto. Penso alle figure presentate in questo volume: adolescenti magnifiche come statue di Fidia; madri di ogni eta e di ogni continente, che ho incontrato nelle favelas o in tanti poveri villaggi, magari sfatte a trent\u2019anni per troppe maternita. Penso al duro lavoro nei campi delle donne africane o delle mondine nelle risaie dell\u2019Estremo Oriente; penso alle donne di ogni tempo e di ogni stagione della vita: bambine dagli occhi come stelle o anziane grinzose ma nobili come antiche divinita. Ma chi e veramente la donna? Dono o mistero, la dolce compagna dell\u2019uomo o il suo tormento?<br \/>\n<strong>Egidio Todeschini<\/strong><\/p>\n<p><em>&#8220;Egidio Todeschini e uno di quei sacerdoti che non hanno paura di sporcarsi le mani con le brutture del mondo. Dopo averci portato per mano a conoscere i bambini disperati di Manila, di Rio o di Bucarest, eccolo questa volta alle prese con le donne del mondo.<\/em><br \/>\n<em>Sfogliando queste pagine ci rendiamo conto che la parola chiave e: &#8220;accoglienza&#8221;. Tendi la mano e ti sara dato, sembrano dire le sue fotografie, che generosamente si protendono verso mondi dissimili, corpi lontani e amari, chiusi in una loro perfezione estranea e lontana, ma pur vicinissima per intento d\u2019amore.&#8221;<\/em> <strong> Dacia Maraini<\/strong><\/p>\n<p><strong>Scarica il volume in formato PDF<\/strong> &#8211; <a href=\"https:\/\/www.donegidio.it\/wp-content\/uploads\/sites\/3\/2021\/01\/Volume_DonnaMondo01.pdf\">Parte 1<\/a> &#8211; <a href=\"https:\/\/www.donegidio.it\/wp-content\/uploads\/sites\/3\/2021\/01\/Volume_DonnaMondo02.pdf\">Parte 2<\/a><\/p>\n\t\t<\/div>\n\t<\/div>\n\n<\/div><div id=\"1609060908436-93ec58e2-68bb\" class=\"item\">\n\t\n\t<div class=\"title\">\n\t\t\t\t\t<span class=\"icon linea-basic-spread-text\"><\/span>\n\t\t\t\t<h4>Donne - Frauen - 2005<\/h4>\n\t\t<div class=\"control\">\n\t\t\t<span class=\"ion-plus\"><\/span>\n\t\t<\/div>\n\t<\/div>\n\n\t<div class=\"content\">\n\t\t<div class=\"wrap\">\n\t\t\t<p><img loading=\"lazy\" decoding=\"async\" class=\"wp-image-5661382 alignleft\" src=\"http:\/\/www.donegidio.it\/wp-content\/uploads\/sites\/3\/2020\/12\/frauen-donne_2.jpg\" alt=\"\" width=\"281\" height=\"400\" srcset=\"https:\/\/www.donegidio.it\/wp-content\/uploads\/sites\/3\/2020\/12\/frauen-donne_2.jpg 561w, https:\/\/www.donegidio.it\/wp-content\/uploads\/sites\/3\/2020\/12\/frauen-donne_2-210x300.jpg 210w\" sizes=\"auto, (max-width: 281px) 100vw, 281px\" \/>Das wenige, was wir wissen\/Quel poco che sappiamo<br \/>\nVolume di 160 pagine, nel formato 24&#215;31 con custodia cofanetto. Testi in tedesco e italiano.<br \/>\nSculture: Vinicio Fioranelli; Fotografie: Egidio Todeschini; Disegni: Ursula Gebendinger.<br \/>\nCon presentazione di Doris Leuthard, consigliera federale.<\/p>\n<p><a href=\"https:\/\/www.donegidio.it\/wp-content\/uploads\/sites\/3\/2021\/01\/Volume_DonnaFrauen.pdf\">Scarica il volume in formato PDF<\/a><\/p>\n\t\t<\/div>\n\t<\/div>\n\n<\/div><div id=\"1608979458692-a8bf3d34-b5ed\" class=\"item\">\n\t\n\t<div class=\"title\">\n\t\t\t\t\t<span class=\"icon linea-basic-spread-text\"><\/span>\n\t\t\t\t<h4>Mirabilia - 2011<\/h4>\n\t\t<div class=\"control\">\n\t\t\t<span class=\"ion-plus\"><\/span>\n\t\t<\/div>\n\t<\/div>\n\n\t<div class=\"content\">\n\t\t<div class=\"wrap\">\n\t\t\t<p><img loading=\"lazy\" decoding=\"async\" class=\"alignleft wp-image-5661341\" src=\"http:\/\/www.donegidio.it\/wp-content\/uploads\/sites\/3\/2020\/12\/MIRABILIA-Copertina-1-217x300.jpg\" alt=\"\" width=\"290\" height=\"400\" srcset=\"https:\/\/www.donegidio.it\/wp-content\/uploads\/sites\/3\/2020\/12\/MIRABILIA-Copertina-1-217x300.jpg 217w, https:\/\/www.donegidio.it\/wp-content\/uploads\/sites\/3\/2020\/12\/MIRABILIA-Copertina-1.jpg 359w\" sizes=\"auto, (max-width: 290px) 100vw, 290px\" \/>Volume di 272 pagine, nel formato 22 x 31 cm, con 243 foto a colori. Un viaggio intorno all\u2019uomo attraverso quattro continenti. In quattro capitoli: Popoli, Volti, Genitori, Figli.<br \/>\nCon testi in italiano-tedesco-inglese di Michele Fazioli, Amanzio Possenti, Egidio Todeschini.<br \/>\nCon la vendita di questo volume sosteniamo alcune adozioni a distanza ed altre opere per i bambini del Terzo Mondo.<\/p>\n<p><strong>ESAURITO<\/strong><\/p>\n<p><strong>Ogni volto una storia<\/strong><br \/>\nTanti viaggi, tanti ricordi. Tante persone che ho incontrato sulle strade del mondo, con le quali ho scambiato una parola o un sorriso. Tanti uomini, tante donne, tanti volti. Ogni volto una storia. In questo volume i protagonisti sono persone e volti fissati in terre lontane. Le immagini raccolte costituiscono un viaggio \u201cintorno all\u2019uomo\u201d. Un viaggio inconsueto attraverso gli occhi della gente. Un viaggio \u201cdentro l\u2019uomo\u201d per ritrovare l\u2019anima delle persone. Perch\u00e9 l\u2019uomo e tutto nel volto e riesce a darci qualcosa anche nel silenzio, senza una parola. A volte uno sguardo dice di pi\u00f9 di un discorso. Anche gli innamorati, quando le parole non bastano, si guardano negli occhi.<br \/>\nTra tanti viaggi, quello pi\u00f9 bello pero e il cammino verso l\u2019anima della gente. La mia fotografia non e studio, non e tecnica, e spontaneit\u00e0, mezzo di incontro. Questo volume ne e il risultato, un lavoro composto principalmente di emozioni e di ricordi. Una festa di popoli per una nuova umanit\u00e0.<\/p>\n<p><strong>Scarica il volume in formato PDF<\/strong> &#8211; <a href=\"https:\/\/www.donegidio.it\/wp-content\/uploads\/sites\/3\/2021\/01\/Volume_Mirabilia01.pdf\">Parte 1<\/a> &#8211; <a href=\"https:\/\/www.donegidio.it\/wp-content\/uploads\/sites\/3\/2021\/01\/Volume_Mirabilia02.pdf\">Parte 2<\/a> &#8211; <a href=\"https:\/\/www.donegidio.it\/wp-content\/uploads\/sites\/3\/2021\/01\/Volume_Mirabilia03.pdf\">Parte 3<\/a><\/p>\n\t\t<\/div>\n\t<\/div>\n\n<\/div><div id=\"1609249255676-3ef5d3f5-fa0c\" class=\"item\">\n\t\n\t<div class=\"title\">\n\t\t\t\t\t<span class=\"icon linea-basic-spread-text\"><\/span>\n\t\t\t\t<h4>Cristianesimo e arte in Etiopia - 2015<\/h4>\n\t\t<div class=\"control\">\n\t\t\t<span class=\"ion-plus\"><\/span>\n\t\t<\/div>\n\t<\/div>\n\n\t<div class=\"content\">\n\t\t<div class=\"wrap\">\n\t\t\t<p><img loading=\"lazy\" decoding=\"async\" class=\"wp-image-5661381 alignleft\" src=\"http:\/\/www.donegidio.it\/wp-content\/uploads\/sites\/3\/2020\/12\/cristianesimoearteinetiopia_2.jpg\" alt=\"\" width=\"282\" height=\"400\" srcset=\"https:\/\/www.donegidio.it\/wp-content\/uploads\/sites\/3\/2020\/12\/cristianesimoearteinetiopia_2.jpg 564w, https:\/\/www.donegidio.it\/wp-content\/uploads\/sites\/3\/2020\/12\/cristianesimoearteinetiopia_2-212x300.jpg 212w\" sizes=\"auto, (max-width: 282px) 100vw, 282px\" \/>Volume di 220 pagine, nel formato 21 x 29 cm, con 150 foto a colori di Fabio Imberti e Egidio Todeschini.<\/p>\n<p>Con testi in italiano e inglese di Musie Gebreghiorghis, Osvaldo Ranieri, Teewide\u00a0 Beyene, Teshome Fikre, Jos\u00e9 L. Bandr\u00e9s Urdaniz, Emmanuel Fristsch, Brendan Cogavin.<\/p>\n<p>Per ordinazioni (Euro 30,00 + Porto)<br \/>\nFrati Cappuccini, Via Cislaghi 5 &#8211; 20128 Milano<br \/>\nTel: 02 37052980\/83 &#8211; Email: birrkidane@hotmail.com &#8211; mcischaan@gmx.net &#8211; musieggu@yahoo.com<\/p>\n<p><a href=\"https:\/\/www.donegidio.it\/wp-content\/uploads\/sites\/3\/2021\/01\/Volume_Etiopia.pdf\">Scarica il volume in formato PDF<\/a><\/p>\n\t\t<\/div>\n\t<\/div>\n\n<\/div><div id=\"1690092173261-ee41b7ed-45dd\" class=\"item\">\n\t\n\t<div class=\"title\">\n\t\t\t\t\t<span class=\"icon linea-basic-spread-text\"><\/span>\n\t\t\t\t<h4>O falce o valigia - 2022<\/h4>\n\t\t<div class=\"control\">\n\t\t\t<span class=\"ion-plus\"><\/span>\n\t\t<\/div>\n\t<\/div>\n\n\t<div class=\"content\">\n\t\t<div class=\"wrap\">\n\t\t\t<p><img loading=\"lazy\" decoding=\"async\" class=\"alignnone wp-image-5662052 size-full\" src=\"https:\/\/www.donegidio.it\/wp-content\/uploads\/sites\/3\/2023\/07\/ofalceovaligia.jpg\" alt=\"\" width=\"1000\" height=\"445\" srcset=\"https:\/\/www.donegidio.it\/wp-content\/uploads\/sites\/3\/2023\/07\/ofalceovaligia.jpg 1000w, https:\/\/www.donegidio.it\/wp-content\/uploads\/sites\/3\/2023\/07\/ofalceovaligia-300x134.jpg 300w, https:\/\/www.donegidio.it\/wp-content\/uploads\/sites\/3\/2023\/07\/ofalceovaligia-768x342.jpg 768w\" sizes=\"auto, (max-width: 1000px) 100vw, 1000px\" \/><\/p>\n<p class=\"p1\">Un piccolo viaggio lungo un tempo che si distende in due secoli, da met\u00e0 Novecento al primo spicchio del ventunesimo secolo. Settant\u2019anni durante i quali \u00e8 cambiato il mondo, con un\u2019accelerazione mai vista n\u00e9 conosciuta prima. Dal \u201ccavallo di San Francesco\u201d (tradotto: andare a piedi) all\u2019aereo pi\u00f9 veloce del mondo (\u201cOverture\u201d, 2000km\/h!). Rispetto ai tempi lenti delle stagioni respirate con calma serena, tutti, volenti o nolenti, abbiamo dovuto affrettare il cammino. Spesso, e per molti, non \u00e8 stato facile passare dal caldo umido delle mucche nelle stalle al tepore uniforme e diffuso dei caloriferi. Parlare, \u201ccontarla su\u201d tra quelli di casa e i vicini di contrada era la normalit\u00e0: davanti a un termosifone chi si ferma a dialogare? Si \u00e8 guadagnato moltissimo in tutti i campi grazie alle conquiste di scienza, tecnica e ricerca, ma si \u00e8 innegabilmente perso parecchio nella dimensione umana, sempre pi\u00f9 sfilacciata. In un \u201cniente\u201d d\u2019orologio ci siamo trovati sbalzati nel cuore di un futuro da conoscere e da scoprire. Dai confini del paese ci siamo inoltrati in territori sempre pi\u00f9 estesi fino a trovarci in un villaggio, s\u00ec, ma globale. Il fascino del nuovo \u00e8 straordinariamente coinvolgente, ma qualche volta si va in affanno. Il calendario della civilt\u00e0 contadina era omologante: noi dell\u2019arco alpino avevamo gli stessi modi, usanze comuni, feste, il \u201csant\u2019inverno\u201d di molti paesi segnati dall\u2019emigrazione, anche orari che erano scanditi dalle campane con l\u2019Avemaria di mattino-mezzogiorno-sera. E quel suono apriva e chiudeva le porte delle case, la gente usciva per la Messa che era anche il rito del buongiorno, accanto alla frugale spesa nelle botteghe e con le code alla pi\u00f9 vicina fontana per riempire secchi d\u2019acqua necessari in famiglia e con gli animali domestici.<\/p>\n<p class=\"p1\">Il primo radicale mutamento nel \u201csalto\u201d \u00e8 intervenuto proprio con l\u2019arrivo dell\u2019acqua potabile nelle case. L\u00ec c\u2019\u00e8 stato il cambio di passo, con un crescendo che non ha pi\u00f9 conosciuto pause, dal vestire al lavorare, dal mangiare al comunicare, al viaggiare. Ci ritroviamo nella \u201ccivilt\u00e0 del post\u201d: post-moderna; post-informatica; post-fluida, oggi addirittura \u201cgassosa\u201d, o delle \u201cinfosfere\u201d, termine che sta a definire l\u2019insieme dei mezzi di comunicazione e delle informazioni che questi diffondono, disorientamento incluso. Il gergo si \u00e8 adeguato. Oggi abbiamo follower, influencer, mentoring, coaching\u2026 ci affanniamo in \u201clike\u201d e \u201cselfie\u201d, messaggiamo con lontani sconosciuti e non parliamo con quelli della porta accanto, a volte neppure in casa. Continuiamo per\u00f2 a provare gli stessi palpiti di cuore, sentimenti, emozioni. Mentre corriamo verso il futuro, con queste pagine, che vogliono essere una sorta di termometro,\u00a0ripercorriamo un po\u2019 di passato nel tentativo di non dimenticarlo.<\/p>\n<p><a href=\"https:\/\/www.donegidio.it\/wp-content\/uploads\/sites\/3\/2023\/07\/Zois-O-falce-o-valigia-2.pdf\">Scarica la copertina in formato PDF<\/a><\/p>\n\t\t<\/div>\n\t<\/div>\n\n<\/div><div id=\"1690094105283-60a654f5-3ed5\" class=\"item\">\n\t\n\t<div class=\"title\">\n\t\t\t\t\t<span class=\"icon linea-basic-spread-text\"><\/span>\n\t\t\t\t<h4>La ``buona notizia`` nell'era social - 2022<\/h4>\n\t\t<div class=\"control\">\n\t\t\t<span class=\"ion-plus\"><\/span>\n\t\t<\/div>\n\t<\/div>\n\n\t<div class=\"content\">\n\t\t<div class=\"wrap\">\n\t\t\t<p><img loading=\"lazy\" decoding=\"async\" class=\"alignnone wp-image-5662057\" src=\"https:\/\/www.donegidio.it\/wp-content\/uploads\/sites\/3\/2023\/07\/labuonanotizia-209x300.png\" alt=\"\" width=\"250\" height=\"359\" srcset=\"https:\/\/www.donegidio.it\/wp-content\/uploads\/sites\/3\/2023\/07\/labuonanotizia-209x300.png 209w, https:\/\/www.donegidio.it\/wp-content\/uploads\/sites\/3\/2023\/07\/labuonanotizia.png 574w\" sizes=\"auto, (max-width: 250px) 100vw, 250px\" \/><\/p>\n<p><a href=\"https:\/\/www.donegidio.it\/wp-content\/uploads\/sites\/3\/2023\/07\/Zois-Intervista-x-libro-6.pdf\">Scarica l&#8217;intervista in formato PDF<\/a><\/p>\n\t\t<\/div>\n\t<\/div>\n\n<\/div>\t\n<\/div>[\/vc_column][vc_column width=&#8221;1\/3&#8243;][vc_empty_space height=&#8221;60px&#8221;]<div class=\"norebro-heading-sc heading text-left\"\n\tid=\"norebro-custom-6a04dedca1cbd\" \n\t \n\t>\n\t\n\t\n\t\n\t<h3 class=\"title\">\n\t\tORDINI PUBBLICAZIONI \u2015<br\/>\t<\/h3>\n\n\t\n\t\t\n<\/div>[vc_empty_space height=&#8221;15px&#8221;]<div class=\"norebro-text-sc \" \n\tid=\"norebro-custom-6a04dedca1d60\" \n\t \n\t>\n\n\t<p>Per ordini delle pubblicazioni contattare <strong>Don Egidio Todeschini\u00a0<\/strong><\/p>\n\t\n<\/div><ul class=\"norebro-list-box-sc list-box  with-icon\" \n\tid=\"norebro-custom-6a04dedca1e5e\"\n\t \n\t>\n\t\n\t\t\t\n\t\t\t\t<li>\n\t\t\t<div class=\"wrap\">\n\t\t\t\t<div class=\"col col-icon\">\n\t\t\t\t\t\t\t\t\t\t\t<span class=\"icon linea-basic-geolocalize-01\"><\/span>\n\t\t\t\t\t\t\t\t\t\t\t\t\t\t\t<\/div>\n\t\t\t\t<div class=\"col col-title\">\n\t\t\t\t\t\t\t\t\t\t\t<h4 class=\"title\">Imfangring 28, 6005 Lucerna (CH)<\/h4>\n\t\t\t\t\t\t\t\t\t<\/div>\n\t\t\t<\/div>\n\t\t<\/li>\n\t\t\t\t<li>\n\t\t\t<div class=\"wrap\">\n\t\t\t\t<div class=\"col col-icon\">\n\t\t\t\t\t\t\t\t\t\t\t<span class=\"icon linea-basic-smartphone\"><\/span>\n\t\t\t\t\t\t\t\t\t\t\t\t\t\t\t<\/div>\n\t\t\t\t<div class=\"col col-title\">\n\t\t\t\t\t\t\t\t\t\t\t<h4 class=\"title\">Tel. 0041 78 9561402<\/h4>\n\t\t\t\t\t\t\t\t\t<\/div>\n\t\t\t<\/div>\n\t\t<\/li>\n\t\t\t\t<li>\n\t\t\t<div class=\"wrap\">\n\t\t\t\t<div class=\"col col-icon\">\n\t\t\t\t\t\t\t\t\t\t\t<span class=\"icon linea-basic-paperplane\"><\/span>\n\t\t\t\t\t\t\t\t\t\t\t\t\t\t\t<\/div>\n\t\t\t\t<div class=\"col col-title\">\n\t\t\t\t\t\t\t\t\t\t\t<h4 class=\"title\">egidio.todeschini44@gmail.com<\/h4>\n\t\t\t\t\t\t\t\t\t<\/div>\n\t\t\t<\/div>\n\t\t<\/li>\n\t\t\n\t\n<\/ul>[\/vc_column][\/vc_row][vc_row full_width=&#8221;stretch_row&#8221;][vc_column][vc_empty_space height=&#8221;60px&#8221;][\/vc_column][\/vc_row]\n<\/section>","protected":false},"excerpt":{"rendered":"<p>[vc_row][vc_column width=&#8221;2\/3&#8243;][vc_empty_space height=&#8221;60px&#8221;][vc_empty_space height=&#8221;30px&#8221;][\/vc_column][vc_column width=&#8221;1\/3&#8243;][vc_empty_space height=&#8221;60px&#8221;][vc_empty_space height=&#8221;15px&#8221;][\/vc_column][\/vc_row][vc_row full_width=&#8221;stretch_row&#8221;][vc_column][vc_empty_space height=&#8221;60px&#8221;][\/vc_column][\/vc_row]<\/p>\n","protected":false},"author":1,"featured_media":0,"parent":0,"menu_order":0,"comment_status":"closed","ping_status":"closed","template":"","meta":{"footnotes":""},"class_list":["post-5661335","page","type-page","status-publish","hentry"],"_links":{"self":[{"href":"https:\/\/www.donegidio.it\/index.php\/wp-json\/wp\/v2\/pages\/5661335","targetHints":{"allow":["GET"]}}],"collection":[{"href":"https:\/\/www.donegidio.it\/index.php\/wp-json\/wp\/v2\/pages"}],"about":[{"href":"https:\/\/www.donegidio.it\/index.php\/wp-json\/wp\/v2\/types\/page"}],"author":[{"embeddable":true,"href":"https:\/\/www.donegidio.it\/index.php\/wp-json\/wp\/v2\/users\/1"}],"replies":[{"embeddable":true,"href":"https:\/\/www.donegidio.it\/index.php\/wp-json\/wp\/v2\/comments?post=5661335"}],"version-history":[{"count":65,"href":"https:\/\/www.donegidio.it\/index.php\/wp-json\/wp\/v2\/pages\/5661335\/revisions"}],"predecessor-version":[{"id":5662061,"href":"https:\/\/www.donegidio.it\/index.php\/wp-json\/wp\/v2\/pages\/5661335\/revisions\/5662061"}],"wp:attachment":[{"href":"https:\/\/www.donegidio.it\/index.php\/wp-json\/wp\/v2\/media?parent=5661335"}],"curies":[{"name":"wp","href":"https:\/\/api.w.org\/{rel}","templated":true}]}}