{"id":5661743,"date":"2021-01-10T11:18:21","date_gmt":"2021-01-10T11:18:21","guid":{"rendered":"https:\/\/www.donegidio.it\/?page_id=5661743"},"modified":"2021-01-10T11:31:46","modified_gmt":"2021-01-10T11:31:46","slug":"galleria-fotografica-tondo-manila","status":"publish","type":"page","link":"https:\/\/www.donegidio.it\/index.php\/galleria-fotografica-tondo-manila\/","title":{"rendered":"Tondo Manila"},"content":{"rendered":"<section class=\"wpb-content-wrapper\">[vc_row full_width=&#8221;stretch_row&#8221;][vc_column][vc_empty_space height=&#8221;60px&#8221;]<div class=\"norebro-heading-sc heading text-left\"\n\tid=\"norebro-custom-69f3f8aaeb66e\" \n\t \n\t>\n\t\n\t\n\t\n\t<h3 class=\"title\">\n\t\tTONDO MANILA \u2015<br\/>\t<\/h3>\n\n\t\n\t\t\n<\/div>[vc_column_text]Il <strong>distretto di Tondo<\/strong> si trova alla periferia di <strong>Metro Manila<\/strong> e ha una popolazione di circa 630.000 abitanti. Tondo \u00e8 una raccolta di &#8220;unit\u00e0 abitative&#8221; temporanee costruite su una discarica ed \u00e8 conosciuta come <strong>una delle peggiori baraccopoli delle Filippine<\/strong>.<\/p>\n<p><strong>Com&#8217;\u00e8 la vita a Tondo?<\/strong> Tonnellate di spazzatura ovunque ed \u00e8 come camminare sulle spugne a causa di tutti gli strati di immondizia. Le persone vivono in semplici baracche o rifugi, alcuni dei quali in capanne di legno, ferro, plastica o qualsiasi cosa riescano a trovare per costruire muri.<\/p>\n<p>Sebbene felici e giocherelloni, <strong>molti bambini hanno problemi di salute<\/strong> a causa delle cattive condizioni igieniche. Le malattie comuni in quest&#8217;area includono infezioni acute delle vie respiratorie superiori, bronchite acuta, tubercolosi, dissenteria e polmonite.<\/p>\n<p>I bambini di Tondo sorridono e corrono in giro con le loro facce sporche e vestiti logori e sembrano felici\u2026 ma\u2026 non hanno futuro![\/vc_column_text][vc_empty_space height=&#8221;30px&#8221;][vc_gallery type=&#8221;image_grid&#8221; images=&#8221;5661744,5661745,5661746,5661747,5661748,5661749,5661750,5661751,5661752,5661753,5661754,5661755&#8243; img_size=&#8221;medium&#8221;][vc_empty_space height=&#8221;60px&#8221;][\/vc_column][\/vc_row]\n<\/section>","protected":false},"excerpt":{"rendered":"<p>[vc_row full_width=&#8221;stretch_row&#8221;][vc_column][vc_empty_space height=&#8221;60px&#8221;][vc_column_text]Il distretto di Tondo si trova alla periferia di Metro Manila e ha una popolazione di circa 630.000 abitanti. Tondo \u00e8 una raccolta di &#8220;unit\u00e0 abitative&#8221; temporanee costruite su una discarica ed \u00e8 conosciuta come una delle peggiori baraccopoli delle Filippine. Com&#8217;\u00e8 la vita a Tondo? Tonnellate di&#8230;<\/p>\n","protected":false},"author":1,"featured_media":0,"parent":0,"menu_order":0,"comment_status":"closed","ping_status":"closed","template":"","meta":{"footnotes":""},"class_list":["post-5661743","page","type-page","status-publish","hentry"],"_links":{"self":[{"href":"https:\/\/www.donegidio.it\/index.php\/wp-json\/wp\/v2\/pages\/5661743","targetHints":{"allow":["GET"]}}],"collection":[{"href":"https:\/\/www.donegidio.it\/index.php\/wp-json\/wp\/v2\/pages"}],"about":[{"href":"https:\/\/www.donegidio.it\/index.php\/wp-json\/wp\/v2\/types\/page"}],"author":[{"embeddable":true,"href":"https:\/\/www.donegidio.it\/index.php\/wp-json\/wp\/v2\/users\/1"}],"replies":[{"embeddable":true,"href":"https:\/\/www.donegidio.it\/index.php\/wp-json\/wp\/v2\/comments?post=5661743"}],"version-history":[{"count":10,"href":"https:\/\/www.donegidio.it\/index.php\/wp-json\/wp\/v2\/pages\/5661743\/revisions"}],"predecessor-version":[{"id":5661766,"href":"https:\/\/www.donegidio.it\/index.php\/wp-json\/wp\/v2\/pages\/5661743\/revisions\/5661766"}],"wp:attachment":[{"href":"https:\/\/www.donegidio.it\/index.php\/wp-json\/wp\/v2\/media?parent=5661743"}],"curies":[{"name":"wp","href":"https:\/\/api.w.org\/{rel}","templated":true}]}}